{"id":2482,"date":"2023-11-29T21:55:06","date_gmt":"2023-11-29T19:55:07","guid":{"rendered":"https:\/\/lipovitac.com\/?post_type=product&#038;p=2482"},"modified":"2026-04-30T03:22:03","modified_gmt":"2026-04-30T01:22:03","slug":"liposomu-c-vitamins-original","status":"publish","type":"product","link":"https:\/\/lipovitac.com\/lv\/product\/liposomu-c-vitamins-original\/","title":{"rendered":"Liposomu C vitam\u012bns | Original"},"content":{"rendered":"<p><strong>K\u0101p\u0113c Lipovitac liposomu vitam\u012bni?<\/strong><\/p>\n<p>Lipovitac liposomu vitam\u012bnu priek\u0161roc\u012bba ir t\u0101, ka tie netiek ievad\u012bti parast\u0101s tabletes vai pulvera veid\u0101, bet gan k\u0101 \u0161\u0137idrums ar liel\u0101ku biopieejam\u012bbu. Tas noz\u012bm\u0113, ka vitam\u012bni ir iekapsul\u0113ti sf\u0113risko fosfolip\u012bdu \u0161\u016bnu kodol\u0101, ko sauc par liposom\u0101m. T\u0101 k\u0101 liposom\u0101m ir fosfolip\u012bdu sast\u0101vs, kas l\u012bdz\u012bgs cilv\u0113ka \u0161\u016bnu lip\u012bdu membr\u0101n\u0101m, t\u0101s iev\u0113rojami lab\u0101k uzs\u016bcas \u0137erme\u0146a \u0161\u016bn\u0101s.<\/p>\n<p><strong>Sast\u0101vda\u013cas: <\/strong>Att\u012br\u012bts \u016bdens, C vitam\u012bns (L-askorb\u012bnsk\u0101be), magnija L-askorb\u0101ts, saulespu\u0137u lecit\u012bns.<\/p>\n<p>C vitam\u012bns veicina norm\u0101lu im\u016bnsist\u0113mas darb\u012bbu, pal\u012bdz aizsarg\u0101t \u0161\u016bnas no oksidat\u012bv\u0101 stresa, palielina dzelzs uzs\u016bk\u0161anos un pal\u012bdz mazin\u0101t nogurumu un stresu. Magnija L-askorb\u0101ts un nesk\u0101bais C vitam\u012bna s\u0101ls, apvieno gan magnija, gan C vitam\u012bna \u012bpa\u0161\u012bbas, kuras pal\u012bdz atsl\u0101bin\u0101t musku\u013cus un atbalsta nervu sist\u0113mu. Ar\u012b lecit\u012bns atbalsta im\u016bnsist\u0113mu, veicina \u0161\u016bnu membr\u0101nu funkcijas un kolag\u0113na veido\u0161anos.<\/p>\n<p><strong>Lieto\u0161ana:<\/strong><\/p>\n<p>Pieaugu\u0161ajiem 15ml dien\u0101 tie\u0161i pirms brokast\u012bm vai to laik\u0101, atbilsto\u0161i terapeita vai \u0101rsta ieteikumam. B\u0113rniem jaun\u0101kiem par 7. gadiem 7,5ml dien\u0101 \u2013 var lietot sajaucot ar \u016bdeni vai sulu. Nep\u0101rsniedziet ieteicamo diennakts devu. Neizmantojiet uztura bag\u0101tin\u0101t\u0101ju k\u0101 pilnv\u0113rt\u012bga un sabalans\u0113ta uztura aizvietot\u0101ju! Uzglab\u0101t b\u0113rniem nepieejam\u0101 viet\u0101.<\/p>\n<p><strong>Izplat\u012bt\u0101js:<\/strong> Lipovitac O\u00dc<\/p>\n<p><a href=\"http:\/\/www.lipovitac.com\">www.lipovitac.com<\/a><br \/>\n<a href=\"mailto:info@lipovitac.com\"><u>info@lipovitac.com<\/u><\/a><\/p>\n<p><strong>Ra\u017eot\u0101jvalsts:<\/strong> ES, Igaunija<\/p>\n","protected":false},"excerpt":{"rendered":"<p><strong>Uztura bag\u0101tin\u0101t\u0101js<\/strong><\/p>\n<p>Lipovitac Original ir b\u0113rniem draudz\u012bgs kvalitat\u012bvs liposomu dz\u0113riens, kas satur gan L-askorb\u012bnsk\u0101bi, gan magnija L-askorb\u0101tu. Magnija L-askorb\u0101ts, nesk\u0101bs C vitam\u012bna s\u0101ls, padara dz\u0113rienu pat\u012bkamu, ne p\u0101r\u0101k sk\u0101bu un kun\u0123im daudz pie\u0146emam\u0101ku.<\/p>\n<p><strong>Uzglab\u0101\u0161ana:<\/strong> uzglab\u0101t ledusskap\u012b (+2\u2026+6C)<\/p>\n","protected":false},"featured_media":1964,"comment_status":"open","ping_status":"closed","template":"","meta":{"om_disable_all_campaigns":false,"_monsterinsights_skip_tracking":false,"_monsterinsights_sitenote_active":false,"_monsterinsights_sitenote_note":"","_monsterinsights_sitenote_category":0,"_uf_show_specific_survey":0,"_uf_disable_surveys":false},"product_brand":[],"product_cat":[175,145,146],"product_tag":[149,151,150,155],"class_list":{"0":"post-2482","1":"product","2":"type-product","3":"status-publish","4":"has-post-thumbnail","6":"product_cat-liposomu-c-vitamins","7":"product_cat-original-lv","8":"product_cat-top-lv","9":"product_tag-c-vitamins-askorbinskabe","10":"product_tag-lecitins","11":"product_tag-magnija-l-askorbats","12":"product_tag-udens","14":"first","15":"instock","16":"shipping-taxable","17":"purchasable","18":"product-type-variable","19":"has-default-attributes"},"aioseo_notices":[],"jetpack_sharing_enabled":true,"_links":{"self":[{"href":"https:\/\/lipovitac.com\/lv\/wp-json\/wp\/v2\/product\/2482","targetHints":{"allow":["GET"]}}],"collection":[{"href":"https:\/\/lipovitac.com\/lv\/wp-json\/wp\/v2\/product"}],"about":[{"href":"https:\/\/lipovitac.com\/lv\/wp-json\/wp\/v2\/types\/product"}],"replies":[{"embeddable":true,"href":"https:\/\/lipovitac.com\/lv\/wp-json\/wp\/v2\/comments?post=2482"}],"wp:featuredmedia":[{"embeddable":true,"href":"https:\/\/lipovitac.com\/lv\/wp-json\/wp\/v2\/media\/1964"}],"wp:attachment":[{"href":"https:\/\/lipovitac.com\/lv\/wp-json\/wp\/v2\/media?parent=2482"}],"wp:term":[{"taxonomy":"product_brand","embeddable":true,"href":"https:\/\/lipovitac.com\/lv\/wp-json\/wp\/v2\/product_brand?post=2482"},{"taxonomy":"product_cat","embeddable":true,"href":"https:\/\/lipovitac.com\/lv\/wp-json\/wp\/v2\/product_cat?post=2482"},{"taxonomy":"product_tag","embeddable":true,"href":"https:\/\/lipovitac.com\/lv\/wp-json\/wp\/v2\/product_tag?post=2482"}],"curies":[{"name":"wp","href":"https:\/\/api.w.org\/{rel}","templated":true}]}}