{"id":2474,"date":"2023-11-29T21:44:57","date_gmt":"2023-11-29T19:44:57","guid":{"rendered":"https:\/\/lipovitac.com\/?post_type=product&#038;p=2474"},"modified":"2026-01-22T20:48:50","modified_gmt":"2026-01-22T18:48:50","slug":"liposomu-c-vitamins-nac","status":"publish","type":"product","link":"https:\/\/lipovitac.com\/lv\/product\/liposomu-c-vitamins-nac\/","title":{"rendered":"Liposomu C vitam\u012bns | NAC"},"content":{"rendered":"<p><strong>K\u0101p\u0113c Lipovitac liposomu vitam\u012bni?<\/strong><\/p>\n<p>Lipovitac liposomu vitam\u012bnu priek\u0161roc\u012bba ir t\u0101, ka tie netiek ievad\u012bti parast\u0101s tabletes vai pulvera veid\u0101, bet gan k\u0101 \u0161\u0137idrums ar liel\u0101ku biopieejam\u012bbu. Tas noz\u012bm\u0113, ka vitam\u012bni ir iekapsul\u0113ti sf\u0113risko fosfolip\u012bdu \u0161\u016bnu kodol\u0101, ko sauc par liposom\u0101m. T\u0101 k\u0101 liposom\u0101m ir fosfolip\u012bdu sast\u0101vs, kas l\u012bdz\u012bgs cilv\u0113ka \u0161\u016bnu lip\u012bdu membr\u0101n\u0101m, t\u0101s iev\u0113rojami lab\u0101k uzs\u016bcas \u0137erme\u0146a \u0161\u016bn\u0101s.<\/p>\n<p><strong>Sast\u0101vda\u013cas: <\/strong><\/p>\n<p>Att\u012br\u012bts \u016bdens, C vitam\u012bns (L-askorb\u012bnsk\u0101be), magnija L-askorb\u0101ts, saulespu\u0137u lecit\u012bns.<\/p>\n<p>C vitam\u012bns veicina norm\u0101lu im\u016bnsist\u0113mas darb\u012bbu, pal\u012bdz aizsarg\u0101t \u0161\u016bnas no oksidat\u012bv\u0101 stresa, palielina dzelzs uzs\u016bk\u0161anos un pal\u012bdz mazin\u0101t nogurumu un stresu.<br \/>\nN-acetil-L-ciste\u012bns (NAC) vai N-acetil-ciste\u012bns ir stabil\u0101ka aminosk\u0101bes L-ciste\u012bna forma un ir visefekt\u012bv\u0101kais veids, k\u0101 palielin\u0101t glutationa l\u012bmeni organism\u0101. Kombin\u0101cij\u0101 ar C vitam\u012bnu NAC ir \u012bpa\u0161i efekt\u012bva kombin\u0101cija.<br \/>\nAr\u012b lecit\u012bns atbalsta im\u016bnsist\u0113mu, veicina \u0161\u016bnu membr\u0101nu funkcijas un kolag\u0113na veido\u0161anos.<\/p>\n<p><strong>Lieto\u0161ana:<\/strong><\/p>\n<p>Pieaugu\u0161ajiem 15ml dien\u0101 tie\u0161i pirms brokast\u012bm vai to laik\u0101, atbilsto\u0161i terapeita vai \u0101rsta ieteikumam. B\u0113rniem jaun\u0101kiem par 7. gadiem 7,5ml dien\u0101 \u2013 var lietot sajaucot ar \u016bdeni vai sulu. Nep\u0101rsniedziet ieteicamo diennakts devu. Neizmantojiet uztura bag\u0101tin\u0101t\u0101ju k\u0101 pilnv\u0113rt\u012bga un sabalans\u0113ta uztura aizvietot\u0101ju! Uzglab\u0101t b\u0113rniem nepieejam\u0101 viet\u0101.<\/p>\n<p><strong>Izplat\u012bt\u0101js:<\/strong> Lipovitac O\u00dc<\/p>\n<p><a href=\"https:\/\/lipovitac.com\/lv\/?v=a57b8491d1d8\">www.lipovitac.com<\/a><br \/>\n<span style=\"text-decoration: underline;\">info@lipovitac.com<\/span><\/p>\n<p><strong>Ra\u017eot\u0101jvalsts:<\/strong> ES, Igaunija<\/p>\n","protected":false},"excerpt":{"rendered":"<p><strong>Uztura bag\u0101tin\u0101t\u0101js<\/strong><\/p>\n<p>N-acetil-L-ciste\u012bns (NAC) vai N-acetilciste\u012bns ir stabil\u0101ka aminosk\u0101bes L-ciste\u012bna forma un ir visefekt\u012bv\u0101kais veids, k\u0101 palielin\u0101t glutationa l\u012bmeni organism\u0101. NAC piem\u012bt visas L-ciste\u012bna \u012bpa\u0161\u012bbas, ta\u010du tas ir lab\u0101k \u0161\u0137\u012bsto\u0161s \u016bden\u012b un, k\u0101 zi\u0146ots, ir vair\u0101k biopieejams nek\u0101 L-ciste\u012bns. Kombin\u0101cij\u0101 ar C vitam\u012bnu NAC ir \u012bpa\u0161i efekt\u012bva kombin\u0101cija.<\/p>\n<p><strong>Uzglab\u0101\u0161ana<\/strong>: Uzglab\u0101t ledusskap\u012b (+2&#8230;+6C)<\/p>\n","protected":false},"featured_media":1969,"comment_status":"open","ping_status":"closed","template":"","meta":{"om_disable_all_campaigns":false,"_monsterinsights_skip_tracking":false,"_monsterinsights_sitenote_active":false,"_monsterinsights_sitenote_note":"","_monsterinsights_sitenote_category":0,"_uf_show_specific_survey":0,"_uf_disable_surveys":false},"product_brand":[],"product_cat":[148,175,165],"product_tag":[151],"class_list":{"0":"post-2474","1":"product","2":"type-product","3":"status-publish","4":"has-post-thumbnail","6":"product_cat-jaunums","7":"product_cat-liposomu-c-vitamins","8":"product_cat-nac-lv","9":"product_tag-lecitins","11":"first","12":"instock","13":"shipping-taxable","14":"purchasable","15":"product-type-variable","16":"has-default-attributes"},"aioseo_notices":[],"jetpack_sharing_enabled":true,"_links":{"self":[{"href":"https:\/\/lipovitac.com\/lv\/wp-json\/wp\/v2\/product\/2474","targetHints":{"allow":["GET"]}}],"collection":[{"href":"https:\/\/lipovitac.com\/lv\/wp-json\/wp\/v2\/product"}],"about":[{"href":"https:\/\/lipovitac.com\/lv\/wp-json\/wp\/v2\/types\/product"}],"replies":[{"embeddable":true,"href":"https:\/\/lipovitac.com\/lv\/wp-json\/wp\/v2\/comments?post=2474"}],"wp:featuredmedia":[{"embeddable":true,"href":"https:\/\/lipovitac.com\/lv\/wp-json\/wp\/v2\/media\/1969"}],"wp:attachment":[{"href":"https:\/\/lipovitac.com\/lv\/wp-json\/wp\/v2\/media?parent=2474"}],"wp:term":[{"taxonomy":"product_brand","embeddable":true,"href":"https:\/\/lipovitac.com\/lv\/wp-json\/wp\/v2\/product_brand?post=2474"},{"taxonomy":"product_cat","embeddable":true,"href":"https:\/\/lipovitac.com\/lv\/wp-json\/wp\/v2\/product_cat?post=2474"},{"taxonomy":"product_tag","embeddable":true,"href":"https:\/\/lipovitac.com\/lv\/wp-json\/wp\/v2\/product_tag?post=2474"}],"curies":[{"name":"wp","href":"https:\/\/api.w.org\/{rel}","templated":true}]}}