{"id":2434,"date":"2023-11-28T11:33:35","date_gmt":"2023-11-28T09:33:35","guid":{"rendered":"https:\/\/lipovitac.com\/?post_type=product&#038;p=2434"},"modified":"2026-04-19T02:33:51","modified_gmt":"2026-04-19T00:33:51","slug":"liposomu-c-vitamins-red","status":"publish","type":"product","link":"https:\/\/lipovitac.com\/lv\/product\/liposomu-c-vitamins-red\/","title":{"rendered":"Liposomu C vitam\u012bns | Red"},"content":{"rendered":"<p><strong>K\u0101p\u0113c Lipovitac liposomu vitam\u012bni?<\/strong><\/p>\n<p>Lipovitac liposomu vitam\u012bnu priek\u0161roc\u012bba ir t\u0101, ka tie netiek ievad\u012bti parast\u0101s tabletes vai pulvera veid\u0101, bet gan k\u0101 \u0161\u0137idrums ar liel\u0101ku biopieejam\u012bbu. Tas noz\u012bm\u0113, ka vitam\u012bni ir iekapsul\u0113ti sf\u0113risko fosfolip\u012bdu \u0161\u016bnu kodol\u0101, ko sauc par liposom\u0101m. T\u0101 k\u0101 liposom\u0101m ir fosfolip\u012bdu sast\u0101vs, kas l\u012bdz\u012bgs cilv\u0113ka \u0161\u016bnu lip\u012bdu membr\u0101n\u0101m, t\u0101s iev\u0113rojami lab\u0101k uzs\u016bcas \u0137erme\u0146a \u0161\u016bn\u0101s.<\/p>\n<p><strong>Sast\u0101vda\u013cas: <\/strong><\/p>\n<p>Att\u012br\u012bts \u016bdens, C vitam\u012bns (L-askorb\u012bnsk\u0101be), magnija L-askorb\u0101ts, L-liz\u012bns aminosk\u0101be, L-glutations, MSM (metilsulfonilmet\u0101ns), koenz\u012bms Q10 &#8211; ubikinons, saulespu\u0137u lecit\u012bns.<\/p>\n<p>C vitam\u012bns veicina norm\u0101lu im\u016bnsist\u0113mas darb\u012bbu, pal\u012bdz aizsarg\u0101t \u0161\u016bnas no oksidat\u012bv\u0101 stresa, palielina dzelzs uzs\u016bk\u0161anos un pal\u012bdz mazin\u0101t nogurumu un stresu. L-liz\u012bns ir \u013coti svar\u012bga aminosk\u0101be, ko m\u0113s ieg\u016bstam tikai no p\u0101rtikas, un to var lietot ar\u012b k\u0101 uztura bag\u0101tin\u0101t\u0101ju. L-liz\u012bna lieto\u0161ana veicina kolag\u0113na veido\u0161anos m\u016bsu organism\u0101, k\u0101 ar\u012b pal\u012bdz uzlabot sportisko sniegumu. Magnija L-askorb\u0101ts un nesk\u0101bais C vitam\u012bna s\u0101ls, apvieno gan magnija, gan C vitam\u012bna \u012bpa\u0161\u012bbas, kuras pal\u012bdz atsl\u0101bin\u0101t musku\u013cus un atbalsta nervu sist\u0113mu. L-glutations ir viens no sp\u0113c\u012bg\u0101kajiem antioksidantiem m\u016bsu \u0137ermen\u012b un ir piem\u0113rots aknu darb\u012bbas atbalstam un imunit\u0101tes stiprin\u0101\u0161anai. MSM (metilsulfonilmet\u0101ns) palielina \u0161\u016bnu vitalit\u0101ti, pal\u012bdz mazin\u0101t nogurumu p\u0113c treni\u0146a un ir b\u016btiska sast\u0101vda\u013ca kolag\u0113na ra\u017eo\u0161an\u0101. Koenz\u012bms Q10 jeb ubikinons darbojas k\u0101 antioksidants, aizsarg\u0101jot \u0161\u016bnu organellus vai mitohondrijus no br\u012bvajiem radik\u0101\u013ciem un palielinot fizisko iztur\u012bbu. Ar\u012b lecit\u012bns atbalsta im\u016bnsist\u0113mu, veicina \u0161\u016bnu membr\u0101nu funkcijas un kolag\u0113na veido\u0161anos.<\/p>\n<p><strong>Lieto\u0161ana:<\/strong><\/p>\n<p>Pieaugu\u0161ajiem 15ml dien\u0101 tie\u0161i pirms brokast\u012bm vai to laik\u0101, atbilsto\u0161i terapeita vai \u0101rsta ieteikumam. B\u0113rniem jaun\u0101kiem par 7. gadiem 7,5ml dien\u0101 \u2013 var lietot sajaucot ar \u016bdeni vai sulu. Nep\u0101rsniedziet ieteicamo diennakts devu. Neizmantojiet uztura bag\u0101tin\u0101t\u0101ju k\u0101 pilnv\u0113rt\u012bga un sabalans\u0113ta uztura aizvietot\u0101ju! Uzglab\u0101t b\u0113rniem nepieejam\u0101 viet\u0101.<\/p>\n<p><strong>Izplat\u012bt\u0101js: <\/strong>Lipovitac O\u00dc<\/p>\n<p><a href=\"http:\/\/www.lipovitac.com\">www.lipovitac.com<\/a><br \/>\n<a href=\"mailto:info@lipovitac.com\"><u>info@lipovitac.com<\/u><\/a><\/p>\n<p><strong>Ra\u017eot\u0101jvalsts:<\/strong> ES, Igaunija<\/p>\n","protected":false},"excerpt":{"rendered":"<p><strong>Uztura bag\u0101tin\u0101t\u0101js<\/strong><\/p>\n<p>Lipovitac Red ir unik\u0101ls liposomu vitam\u012bnu dz\u0113riens, kas satur sp\u0113c\u012bgus antioksidantus un pretiekaisuma l\u012bdzek\u013cus, t\u0101dus k\u0101, L-glutationu, koenz\u012bmu Q10, C vitam\u012bnu L-askorb\u012bnsk\u0101bi, magnija L-askorb\u0101tu, MSM (metilsulfonilmet\u0101nu), L-liz\u012bna aminosk\u0101bi.<br \/>\nS\u0101kotn\u0113j\u0101 lieto\u0161ana var izrais\u012bt vieglu nogurumu, jo j\u016bsu im\u016bnsist\u0113ma detoksific\u0113 \u0137ermeni. Tas ir piln\u012bgi norm\u0101li un p\u0101ries da\u017eu dienu vai ned\u0113\u013cu laik\u0101. Dzeriet pietieko\u0161\u0101 daudzum\u0101 \u016bdeni un izvairieties no alkohola lieto\u0161anas.<\/p>\n<p><strong>Uzglab\u0101\u0161ana:<\/strong> uzglab\u0101t ledusskap\u012b (+2\u2026.+6C)<\/p>\n","protected":false},"featured_media":1973,"comment_status":"open","ping_status":"closed","template":"","meta":{"om_disable_all_campaigns":false,"_monsterinsights_skip_tracking":false,"_monsterinsights_sitenote_active":false,"_monsterinsights_sitenote_note":"","_monsterinsights_sitenote_category":0,"_uf_show_specific_survey":0,"_uf_disable_surveys":false},"product_brand":[],"product_cat":[175,159,146],"product_tag":[149,161,152,153,151,150,160,155],"class_list":{"0":"post-2434","1":"product","2":"type-product","3":"status-publish","4":"has-post-thumbnail","6":"product_cat-liposomu-c-vitamins","7":"product_cat-red-lv","8":"product_cat-top-lv","9":"product_tag-c-vitamins-askorbinskabe","10":"product_tag-koenzims-q10-ubikinons","11":"product_tag-l-glutations","12":"product_tag-l-lizins","13":"product_tag-lecitins","14":"product_tag-magnija-l-askorbats","15":"product_tag-msm-metilsulfonilmetans","16":"product_tag-udens","18":"first","19":"instock","20":"shipping-taxable","21":"purchasable","22":"product-type-variable","23":"has-default-attributes"},"aioseo_notices":[],"jetpack_sharing_enabled":true,"_links":{"self":[{"href":"https:\/\/lipovitac.com\/lv\/wp-json\/wp\/v2\/product\/2434","targetHints":{"allow":["GET"]}}],"collection":[{"href":"https:\/\/lipovitac.com\/lv\/wp-json\/wp\/v2\/product"}],"about":[{"href":"https:\/\/lipovitac.com\/lv\/wp-json\/wp\/v2\/types\/product"}],"replies":[{"embeddable":true,"href":"https:\/\/lipovitac.com\/lv\/wp-json\/wp\/v2\/comments?post=2434"}],"wp:featuredmedia":[{"embeddable":true,"href":"https:\/\/lipovitac.com\/lv\/wp-json\/wp\/v2\/media\/1973"}],"wp:attachment":[{"href":"https:\/\/lipovitac.com\/lv\/wp-json\/wp\/v2\/media?parent=2434"}],"wp:term":[{"taxonomy":"product_brand","embeddable":true,"href":"https:\/\/lipovitac.com\/lv\/wp-json\/wp\/v2\/product_brand?post=2434"},{"taxonomy":"product_cat","embeddable":true,"href":"https:\/\/lipovitac.com\/lv\/wp-json\/wp\/v2\/product_cat?post=2434"},{"taxonomy":"product_tag","embeddable":true,"href":"https:\/\/lipovitac.com\/lv\/wp-json\/wp\/v2\/product_tag?post=2434"}],"curies":[{"name":"wp","href":"https:\/\/api.w.org\/{rel}","templated":true}]}}