{"id":1494,"date":"2022-01-24T20:12:47","date_gmt":"2022-01-24T20:12:47","guid":{"rendered":"https:\/\/lipovitac.com\/par-mums\/"},"modified":"2024-11-12T17:07:47","modified_gmt":"2024-11-12T15:07:47","slug":"par-mums","status":"publish","type":"page","link":"https:\/\/lipovitac.com\/lv\/par-mums\/","title":{"rendered":"Par mums"},"content":{"rendered":"\n<div class=\"row\"  id=\"row-695717233\">\n\n\n\t<div id=\"col-590383795\" class=\"col small-12 large-12\"  >\n\t\t\t\t<div class=\"col-inner\"  >\n\t\t\t\n\t\t\t\n\n<div class=\"row\"  id=\"row-1315967946\">\n\n\n\t<div id=\"col-220859763\" class=\"col small-12 large-12\"  >\n\t\t\t\t<div class=\"col-inner\"  >\n\t\t\t\n\t\t\t\n\n<h1 style=\"text-align: center;\">Par mums<\/h1>\n<p class=\"p1\" style=\"text-align: center;\">M\u0113s esam neliels Igaunijas uz\u0146\u0113mums, kur\u0161 kop\u0161 2020. gada ra\u017eo liposom\u0101los vitam\u012bnus. M\u016bsu misija ir ra\u017eot augstas kvalit\u0101tes liposom\u0101los vitam\u012bnus par loj\u0101lu cenu pat\u0113r\u0113t\u0101jam, izmantojot augst\u0101k\u0101s kvalit\u0101tes izejvielas apvienotas ar modernu un profesion\u0101lu tehnolo\u0123iju.<\/p>\n<p class=\"p1\" style=\"text-align: center;\">Esam saj\u016bsm\u0101 par dabisko akt\u012bvo sast\u0101vda\u013cu potenci\u0101lu un m\u016bsdienu tehnolo\u0123iju iesp\u0113j\u0101m \u2013 t\u0101p\u0113c m\u0113s tos abus apvienojam m\u016bsu augstas iedarb\u012bbas liposom\u0101lajos uztura bag\u0101tin\u0101t\u0101jos, lai tie non\u0101ktu tie\u0161i tur, kur tie organism\u0101 ir nepiecie\u0161ami.<\/p>\n<p class=\"p1\" style=\"text-align: center;\">Pateicoties \u0161ai novatoriskajai pieejai, dabisk\u0101s akt\u012bv\u0101s vielas var piln\u012bb\u0101 izmantot <strong>savu potenci\u0101lu<\/strong>.<\/p>\n<div class=\"row\"  id=\"row-752538528\">\n\n\n\t<div id=\"col-1628879512\" class=\"col medium-3 small-6 large-3\"  >\n\t\t\t\t<div class=\"col-inner\"  >\n\t\t\t\n\t\t\t\n\n\n\t\t<\/div>\n\t\t\t\t\t<\/div>\n\n\t\n\n\t<div id=\"col-1343774107\" class=\"col medium-3 small-6 large-3\"  >\n\t\t\t\t<div class=\"col-inner\"  >\n\t\t\t\n\t\t\t\n\n    <div class=\"box has-hover has-hover box-text-bottom\" >\n\n                  <div class=\"box-image \" style=\"width:50%;\">\n           <div class=\"box-image-inner image-cover\" style=\"border-radius:100%;padding-top:100%;\">\n              <img data-recalc-dims=\"1\" loading=\"lazy\" decoding=\"async\" width=\"600\" height=\"600\" src=\"https:\/\/i0.wp.com\/lipovitac.com\/wp-content\/uploads\/2022\/01\/Tanel-Peterson.jpg?resize=600%2C600&#038;ssl=1\" class=\"attachment- size-\" alt=\"\" srcset=\"https:\/\/i0.wp.com\/lipovitac.com\/wp-content\/uploads\/2022\/01\/Tanel-Peterson.jpg?w=600&amp;ssl=1 600w, https:\/\/i0.wp.com\/lipovitac.com\/wp-content\/uploads\/2022\/01\/Tanel-Peterson.jpg?resize=400%2C400&amp;ssl=1 400w, https:\/\/i0.wp.com\/lipovitac.com\/wp-content\/uploads\/2022\/01\/Tanel-Peterson.jpg?resize=280%2C280&amp;ssl=1 280w, https:\/\/i0.wp.com\/lipovitac.com\/wp-content\/uploads\/2022\/01\/Tanel-Peterson.jpg?resize=100%2C100&amp;ssl=1 100w\" sizes=\"auto, (max-width: 600px) 100vw, 600px\" \/>                         <\/div>\n          <\/div>\n         \n          <div class=\"box-text text-center\" >\n                <div class=\"box-text-inner\">\n                  <h4 class=\"uppercase\">\n                    <span class=\"person-name\">Tanel Peterson<\/span><br\/>\n                    <span class=\"person-title is-small thin-font op-7\">\n                      Ra\u017eo\u0161ana                    <\/span>\n                  <\/h4>\n\t\t\t\t\t\n\n<p style=\"text-align: center;\">Mob: +372 53882771<br \/>\nE-pasts: <a href=\"mailto:info@lipovitac.com\">info@lipovitac.com<\/a><\/p>\n\n                <\/div>\n          <\/div>\n    <\/div>\n\n\t\n    \n\n\t\t<\/div>\n\t\t\t\t\t<\/div>\n\n\t\n\n\t<div id=\"col-912627472\" class=\"col medium-3 small-6 large-3\"  >\n\t\t\t\t<div class=\"col-inner\"  >\n\t\t\t\n\t\t\t\n\n    <div class=\"box has-hover has-hover box-text-bottom\" >\n\n                  <div class=\"box-image \" style=\"width:50%;\">\n           <div class=\"box-image-inner image-cover\" style=\"border-radius:100%;padding-top:100%;\">\n              <img data-recalc-dims=\"1\" loading=\"lazy\" decoding=\"async\" width=\"600\" height=\"600\" src=\"https:\/\/i0.wp.com\/lipovitac.com\/wp-content\/uploads\/2022\/01\/Margit-Lemmiksoo.jpg?resize=600%2C600&#038;ssl=1\" class=\"attachment- size-\" alt=\"\" srcset=\"https:\/\/i0.wp.com\/lipovitac.com\/wp-content\/uploads\/2022\/01\/Margit-Lemmiksoo.jpg?w=600&amp;ssl=1 600w, https:\/\/i0.wp.com\/lipovitac.com\/wp-content\/uploads\/2022\/01\/Margit-Lemmiksoo.jpg?resize=400%2C400&amp;ssl=1 400w, https:\/\/i0.wp.com\/lipovitac.com\/wp-content\/uploads\/2022\/01\/Margit-Lemmiksoo.jpg?resize=280%2C280&amp;ssl=1 280w, https:\/\/i0.wp.com\/lipovitac.com\/wp-content\/uploads\/2022\/01\/Margit-Lemmiksoo.jpg?resize=100%2C100&amp;ssl=1 100w\" sizes=\"auto, (max-width: 600px) 100vw, 600px\" \/>                         <\/div>\n          <\/div>\n         \n          <div class=\"box-text text-center\" >\n                <div class=\"box-text-inner\">\n                  <h4 class=\"uppercase\">\n                    <span class=\"person-name\">Margit Lemmiksoo<\/span><br\/>\n                    <span class=\"person-title is-small thin-font op-7\">\n                      M\u0101rketings                    <\/span>\n                  <\/h4>\n\t\t\t\t\t\n\n<p>Mob: +372 5069597<\/p>\n<p>E-pasts: <a href=\"mailto:info@lipovitac.com\">info@lipovitac.com<\/a><\/p>\n\n                <\/div>\n          <\/div>\n    <\/div>\n\n\t\n    \n    <div class=\"box has-hover hidden has-hover box-text-bottom\" >\n\n                  <div class=\"box-image \" style=\"width:50%;\">\n           <div class=\"box-image-inner image-cover\" style=\"border-radius:100%;padding-top:100%;\">\n              <img data-recalc-dims=\"1\" loading=\"lazy\" decoding=\"async\" width=\"600\" height=\"600\" src=\"https:\/\/i0.wp.com\/lipovitac.com\/wp-content\/uploads\/2022\/01\/Marju-Lepp.jpg?resize=600%2C600&#038;ssl=1\" class=\"attachment- size-\" alt=\"\" srcset=\"https:\/\/i0.wp.com\/lipovitac.com\/wp-content\/uploads\/2022\/01\/Marju-Lepp.jpg?w=600&amp;ssl=1 600w, https:\/\/i0.wp.com\/lipovitac.com\/wp-content\/uploads\/2022\/01\/Marju-Lepp.jpg?resize=400%2C400&amp;ssl=1 400w, https:\/\/i0.wp.com\/lipovitac.com\/wp-content\/uploads\/2022\/01\/Marju-Lepp.jpg?resize=280%2C280&amp;ssl=1 280w, https:\/\/i0.wp.com\/lipovitac.com\/wp-content\/uploads\/2022\/01\/Marju-Lepp.jpg?resize=100%2C100&amp;ssl=1 100w\" sizes=\"auto, (max-width: 600px) 100vw, 600px\" \/>                         <\/div>\n          <\/div>\n         \n          <div class=\"box-text text-center\" >\n                <div class=\"box-text-inner\">\n                  <h4 class=\"uppercase\">\n                    <span class=\"person-name\">Marju Lepp<\/span><br\/>\n                    <span class=\"person-title is-small thin-font op-7\">\n                      Vesel\u012bbas padomnieks                    <\/span>\n                  <\/h4>\n\t\t\t\t\t\n\n<p>Mob: +372 55563693<\/p>\n<p>E-pasts: <a href=\"mailto:marju@lipovitac.com\">marju@lipovitac.com<\/a><\/p>\n\n                <\/div>\n          <\/div>\n    <\/div>\n\n\t\n    \n\n\t\t<\/div>\n\t\t\t\t\t<\/div>\n\n\t\n\n\t<div id=\"col-1887677681\" class=\"col medium-3 small-6 large-3\"  >\n\t\t\t\t<div class=\"col-inner\"  >\n\t\t\t\n\t\t\t\n\n    <div class=\"box has-hover hidden has-hover box-text-bottom\" >\n\n                  <div class=\"box-image \" style=\"width:50%;\">\n           <div class=\"box-image-inner image-cover\" style=\"border-radius:100%;padding-top:100%;\">\n              <img data-recalc-dims=\"1\" decoding=\"async\" src=\"https:\/\/i0.wp.com\/lipovitac.com\/wp-content\/themes\/flatsome\/assets\/img\/missing.jpg?w=1020&#038;ssl=1\" \/>                         <\/div>\n          <\/div>\n         \n          <div class=\"box-text text-center\" >\n                <div class=\"box-text-inner\">\n                  <h4 class=\"uppercase\">\n                    <span class=\"person-name\"><\/span><br\/>\n                    <span class=\"person-title is-small thin-font op-7\">\n                                          <\/span>\n                  <\/h4>\n\t\t\t\t\t\n\n\n\n                <\/div>\n          <\/div>\n    <\/div>\n\n\t\n    \n\n\t\t<\/div>\n\t\t\t\t\t<\/div>\n\n\t\n\n\n<style>\n#row-752538528 > .col > .col-inner {\n  padding: 32px 0px 0px 0px;\n}\n<\/style>\n<\/div>\n\n\t\t<\/div>\n\t\t\t\t\n<style>\n#col-220859763 > .col-inner {\n  margin: 0px 0px -32px 0px;\n}\n<\/style>\n\t<\/div>\n\n\t\n\n<\/div>\n\n\t\t<\/div>\n\t\t\t\t\t<\/div>\n\n\t\n\n<\/div>\n\n","protected":false},"excerpt":{"rendered":"","protected":false},"author":80,"featured_media":0,"parent":0,"menu_order":0,"comment_status":"closed","ping_status":"closed","template":"","meta":{"om_disable_all_campaigns":false,"_monsterinsights_skip_tracking":false,"_monsterinsights_sitenote_active":false,"_monsterinsights_sitenote_note":"","_monsterinsights_sitenote_category":0,"_uf_show_specific_survey":0,"_uf_disable_surveys":false,"footnotes":""},"class_list":["post-1494","page","type-page","status-publish","hentry"],"aioseo_notices":[],"jetpack_sharing_enabled":true,"_links":{"self":[{"href":"https:\/\/lipovitac.com\/lv\/wp-json\/wp\/v2\/pages\/1494","targetHints":{"allow":["GET"]}}],"collection":[{"href":"https:\/\/lipovitac.com\/lv\/wp-json\/wp\/v2\/pages"}],"about":[{"href":"https:\/\/lipovitac.com\/lv\/wp-json\/wp\/v2\/types\/page"}],"author":[{"embeddable":true,"href":"https:\/\/lipovitac.com\/lv\/wp-json\/wp\/v2\/users\/80"}],"replies":[{"embeddable":true,"href":"https:\/\/lipovitac.com\/lv\/wp-json\/wp\/v2\/comments?post=1494"}],"version-history":[{"count":0,"href":"https:\/\/lipovitac.com\/lv\/wp-json\/wp\/v2\/pages\/1494\/revisions"}],"wp:attachment":[{"href":"https:\/\/lipovitac.com\/lv\/wp-json\/wp\/v2\/media?parent=1494"}],"curies":[{"name":"wp","href":"https:\/\/api.w.org\/{rel}","templated":true}]}}