{"id":1327,"date":"2022-01-16T14:19:05","date_gmt":"2022-01-16T14:19:05","guid":{"rendered":"https:\/\/lipovitac.com\/biezak-uzdotie-jautajumi\/"},"modified":"2022-01-16T14:19:05","modified_gmt":"2022-01-16T14:19:05","slug":"biezak-uzdotie-jautajumi","status":"publish","type":"page","link":"https:\/\/lipovitac.com\/lv\/biezak-uzdotie-jautajumi\/","title":{"rendered":"Bie\u017e\u0101k uzdotie jaut\u0101jumi"},"content":{"rendered":"\n\n\t<section class=\"section\" id=\"section_438359676\">\n\t\t<div class=\"section-bg fill\" >\n\t\t\t\t\t\t\t\t\t\n\t\t\t\n\n\t\t<\/div>\n\n\t\t\n\n\t\t<div class=\"section-content relative\">\n\t\t\t\n\n<div class=\"row\"  id=\"row-1080728637\">\n\n\n\t<div id=\"col-1497275926\" class=\"col small-12 large-12\"  >\n\t\t\t\t<div class=\"col-inner\"  >\n\t\t\t\n\t\t\t\n\n<div class=\"accordion\">\n\n\t<div id=\"accordion-451362010\" class=\"accordion-item\">\n\t\t<a id=\"accordion-451362010-label\" class=\"accordion-title plain\" href=\"#accordion-item-vai-pirms-lipovic-produktu-lieto\u0161anas-j\u0101konsult\u0113jas-ar-savu-\u0101rstu?\" aria-expanded=\"false\" aria-controls=\"accordion-451362010-content\">\n\t\t\t<button class=\"toggle\" aria-label=\"Toggle\"><i class=\"icon-angle-down\" aria-hidden=\"true\"><\/i><\/button>\n\t\t\t<span>Vai pirms Lipovic produktu lieto\u0161anas j\u0101konsult\u0113jas ar savu \u0101rstu?<\/span>\n\t\t<\/a>\n\t\t<div id=\"accordion-451362010-content\" class=\"accordion-inner\" aria-labelledby=\"accordion-451362010-label\">\n\t\t\t\n\nLai gan Lipovitac produkti ir piln\u012bgi dro\u0161i lieto\u0161an\u0101, m\u0113s iesak\u0101m konsult\u0113ties ar savu \u0101rstu vai vesel\u012bbas apr\u016bpes sniedz\u0113ju, ja jums ir nopietnas vesel\u012bbas probl\u0113mas.\n\n\t\t<\/div>\n\t<\/div>\n\t\n\t<div id=\"accordion-1054904422\" class=\"accordion-item\">\n\t\t<a id=\"accordion-1054904422-label\" class=\"accordion-title plain\" href=\"#accordion-item-vai-lipovitac-produkti-ir-piem\u0113roti-gr\u016btniec\u0113m-un-m\u0101mi\u0146\u0101m,-kas-baro-b\u0113rnu-ar-kr\u016bti?\" aria-expanded=\"false\" aria-controls=\"accordion-1054904422-content\">\n\t\t\t<button class=\"toggle\" aria-label=\"Toggle\"><i class=\"icon-angle-down\" aria-hidden=\"true\"><\/i><\/button>\n\t\t\t<span>Vai Lipovitac produkti ir piem\u0113roti gr\u016btniec\u0113m un m\u0101mi\u0146\u0101m, kas baro b\u0113rnu ar kr\u016bti?<\/span>\n\t\t<\/a>\n\t\t<div id=\"accordion-1054904422-content\" class=\"accordion-inner\" aria-labelledby=\"accordion-1054904422-label\">\n\t\t\t\n\nGr\u016btniec\u0113m un m\u0101mi\u0146\u0101m, kas baro b\u0113rnu ar kr\u016bti pirms produktu lieto\u0161anas iesak\u0101m konsult\u0113ties ar savu \u0101rstu.\n\n\t\t<\/div>\n\t<\/div>\n\t\n\t<div id=\"accordion-467975174\" class=\"accordion-item\">\n\t\t<a id=\"accordion-467975174-label\" class=\"accordion-title plain\" href=\"#accordion-item-vai-lipovitac-produkti-ir-piem\u0113roti-b\u0113rniem?\" aria-expanded=\"false\" aria-controls=\"accordion-467975174-content\">\n\t\t\t<button class=\"toggle\" aria-label=\"Toggle\"><i class=\"icon-angle-down\" aria-hidden=\"true\"><\/i><\/button>\n\t\t\t<span>Vai Lipovitac produkti ir piem\u0113roti b\u0113rniem?<\/span>\n\t\t<\/a>\n\t\t<div id=\"accordion-467975174-content\" class=\"accordion-inner\" aria-labelledby=\"accordion-467975174-label\">\n\t\t\t\n\nKopum\u0101 Lipovitac produkti ir piem\u0113roti b\u0113rniem. Da\u017eiem produktiem ir 7+ gadi. Pirms produkta lieto\u0161anas, l\u016bdzu, izlasiet lieto\u0161anas instrukciju vai konsult\u0113jieties ar \u0101rstu vai terapeitu.\n\n\t\t<\/div>\n\t<\/div>\n\t\n\t<div id=\"accordion-1399548526\" class=\"accordion-item\">\n\t\t<a id=\"accordion-1399548526-label\" class=\"accordion-title plain\" href=\"#accordion-item-vai-lipovitac-produktus-var-lietot-pacienti-ar-celiakiju?\" aria-expanded=\"false\" aria-controls=\"accordion-1399548526-content\">\n\t\t\t<button class=\"toggle\" aria-label=\"Toggle\"><i class=\"icon-angle-down\" aria-hidden=\"true\"><\/i><\/button>\n\t\t\t<span>Vai Lipovitac produktus var lietot pacienti ar celiakiju?<\/span>\n\t\t<\/a>\n\t\t<div id=\"accordion-1399548526-content\" class=\"accordion-inner\" aria-labelledby=\"accordion-1399548526-label\">\n\t\t\t\n\nLipovitac produkti nesatur glut\u0113nu. \u0160\u012b iemesla d\u0113\u013c tas ir piem\u0113rots cilv\u0113kiem ar \u012bpa\u0161iem uztura ierobe\u017eojumiem, piem\u0113ram, celiakiju.\n\n\t\t<\/div>\n\t<\/div>\n\t\n\t<div id=\"accordion-561911919\" class=\"accordion-item\">\n\t\t<a id=\"accordion-561911919-label\" class=\"accordion-title plain\" href=\"#accordion-item-vai-varu-sajaukt-lipovitac-produktus-ar-blenderi?\" aria-expanded=\"false\" aria-controls=\"accordion-561911919-content\">\n\t\t\t<button class=\"toggle\" aria-label=\"Toggle\"><i class=\"icon-angle-down\" aria-hidden=\"true\"><\/i><\/button>\n\t\t\t<span>Vai varu sajaukt Lipovitac produktus ar blenderi?<\/span>\n\t\t<\/a>\n\t\t<div id=\"accordion-561911919-content\" class=\"accordion-inner\" aria-labelledby=\"accordion-561911919-label\">\n\t\t\t\n\nSajauk\u0161ana var trauc\u0113t Lipovitac produktu liposomu strukt\u016bru un uzs\u016bk\u0161an\u0101s sp\u0113ju. Ja v\u0113laties Lipovitac produktus sajaukt ar sm\u016btijiem vai p\u0101rtiku, m\u0113s iesak\u0101m Lipovitac produktus pievienot p\u0113c blender\u0113\u0161anas.\n\n\t\t<\/div>\n\t<\/div>\n\t\n\t<div id=\"accordion-2395471518\" class=\"accordion-item\">\n\t\t<a id=\"accordion-2395471518-label\" class=\"accordion-title plain\" href=\"#accordion-item-vai-es-varu-sajaukt-lipovitac-produktus-ar-karstiem-vai-aukstiem-dz\u0113rieniem?\" aria-expanded=\"false\" aria-controls=\"accordion-2395471518-content\">\n\t\t\t<button class=\"toggle\" aria-label=\"Toggle\"><i class=\"icon-angle-down\" aria-hidden=\"true\"><\/i><\/button>\n\t\t\t<span>Vai es varu sajaukt Lipovitac produktus ar karstiem vai aukstiem dz\u0113rieniem?<\/span>\n\t\t<\/a>\n\t\t<div id=\"accordion-2395471518-content\" class=\"accordion-inner\" aria-labelledby=\"accordion-2395471518-label\">\n\t\t\t\n\nM\u0113s neiesak\u0101m Lipovitac produktus sajaukt ar karstajiem dz\u0113rieniem. Lipovitac produktus var \u0113rti lietot, sajaucot tos bez g\u0101zes dab\u012bgos dz\u0113rienos, piem\u0113ram, apels\u012bnu sul\u0101, \u0101bolu sul\u0101, \u016bden\u012b u.c.\n\n\t\t<\/div>\n\t<\/div>\n\t\n\t<div id=\"accordion-1115080799\" class=\"accordion-item\">\n\t\t<a id=\"accordion-1115080799-label\" class=\"accordion-title plain\" href=\"#accordion-item-k\u0101-uzglab\u0101t-lipovitac-produktus?\" aria-expanded=\"false\" aria-controls=\"accordion-1115080799-content\">\n\t\t\t<button class=\"toggle\" aria-label=\"Toggle\"><i class=\"icon-angle-down\" aria-hidden=\"true\"><\/i><\/button>\n\t\t\t<span>K\u0101 uzglab\u0101t Lipovitac produktus?<\/span>\n\t\t<\/a>\n\t\t<div id=\"accordion-1115080799-content\" class=\"accordion-inner\" aria-labelledby=\"accordion-1115080799-label\">\n\t\t\t\n\nM\u0113s iesak\u0101m uzglab\u0101t Lipovitac ledusskap\u012b (4 \u00b0 &#8211; 6 \u00b0 C). Nepak\u013caujiet produktu tie\u0161iem saules stariem vai siltuma avotiem.\n\n\t\t<\/div>\n\t<\/div>\n\t\n\n<\/div>\n\n\t\t<\/div>\n\t\t\t\t\t<\/div>\n\n\t\n\n<\/div>\n\n\t\t<\/div>\n\n\t\t\n<style>\n#section_438359676 {\n  padding-top: 30px;\n  padding-bottom: 30px;\n}\n<\/style>\n\t<\/section>\n\t\n\n","protected":false},"excerpt":{"rendered":"","protected":false},"author":1,"featured_media":0,"parent":0,"menu_order":0,"comment_status":"closed","ping_status":"closed","template":"page-blank.php","meta":{"om_disable_all_campaigns":false,"_monsterinsights_skip_tracking":false,"_monsterinsights_sitenote_active":false,"_monsterinsights_sitenote_note":"","_monsterinsights_sitenote_category":0,"_uf_show_specific_survey":0,"_uf_disable_surveys":false,"footnotes":""},"class_list":["post-1327","page","type-page","status-publish","hentry"],"aioseo_notices":[],"jetpack_sharing_enabled":true,"_links":{"self":[{"href":"https:\/\/lipovitac.com\/lv\/wp-json\/wp\/v2\/pages\/1327","targetHints":{"allow":["GET"]}}],"collection":[{"href":"https:\/\/lipovitac.com\/lv\/wp-json\/wp\/v2\/pages"}],"about":[{"href":"https:\/\/lipovitac.com\/lv\/wp-json\/wp\/v2\/types\/page"}],"author":[{"embeddable":true,"href":"https:\/\/lipovitac.com\/lv\/wp-json\/wp\/v2\/users\/1"}],"replies":[{"embeddable":true,"href":"https:\/\/lipovitac.com\/lv\/wp-json\/wp\/v2\/comments?post=1327"}],"version-history":[{"count":0,"href":"https:\/\/lipovitac.com\/lv\/wp-json\/wp\/v2\/pages\/1327\/revisions"}],"wp:attachment":[{"href":"https:\/\/lipovitac.com\/lv\/wp-json\/wp\/v2\/media?parent=1327"}],"curies":[{"name":"wp","href":"https:\/\/api.w.org\/{rel}","templated":true}]}}