{"id":1325,"date":"2022-01-16T14:16:30","date_gmt":"2022-01-16T14:16:30","guid":{"rendered":"https:\/\/lipovitac.com\/vitamini\/"},"modified":"2024-03-03T13:03:04","modified_gmt":"2024-03-03T11:03:04","slug":"vitamini","status":"publish","type":"page","link":"https:\/\/lipovitac.com\/lv\/vitamini\/","title":{"rendered":"Vitam\u012bni"},"content":{"rendered":"\n<h1>K\u0101p\u0113c liposom\u0101lie vitam\u012bni?<\/h1>\n<p>Lietojot tradicion\u0101l\u0101s tabletes un kapsulas, b\u016btisku uzturvielu &#8211; vitam\u012bnu, miner\u0101lvielu &#8211; uzs\u016bk\u0161an\u0101s notiek \u013coti l\u0113ni, un biopieejam\u012bba ir zema. Glu\u017ei pret\u0113ji, to iekapsul\u0113\u0161ana liposom\u0101s rada iev\u0113rojami pozit\u012bv\u0101ku ietekmi uz vesel\u012bbu.<\/p>\n<p>C vitam\u012bns jeb askorb\u012bnsk\u0101be ir neaizvietojams organisks savienojums, kas ide\u0101li uzs\u016bcas organism\u0101 ar liposom\u0101m. C vitam\u012bns pal\u012bdz stiprin\u0101t im\u016bnsist\u0113mu, veicina norm\u0101las psiholo\u0123isk\u0101s funkcijas darb\u012bbu un kolag\u0113na ra\u017eo\u0161anu. C vitam\u012bns ar\u012b stiprina asinsvadus, pal\u012bdz nov\u0113rst \u0161\u016bnu boj\u0101jumus, c\u012bn\u0101s ar br\u012bvajiem radik\u0101\u013ciem, pa\u0101trina dzelzs uzs\u016bk\u0161anos organism\u0101 un uzlabo vitalit\u0101ti. T\u0101 k\u0101 m\u016bsu organisms pats nesp\u0113j ra\u017eot C vitam\u012bnu, tas ir j\u0101ieg\u016bst no \u0101r\u0113jiem avotiem.<\/p>\n<p>K\u0101 \u016bden\u012b \u0161\u0137\u012bsto\u0161am vitam\u012bnam, viena no C vitam\u012bna probl\u0113m\u0101m ir t\u0101, ka, lietojot iek\u0161\u0137\u012bgi ar tablet\u0113m vai kapsul\u0101m, organism\u0101 parasti uzs\u016bcas tikai neliels daudzums \u2013 piem\u0113ram, pie liel\u0101kas C vitam\u012bna devas (1,25 grami), organisms absorb\u0113 tikai 30%. Liela daudzuma t\u012bra C vitam\u012bna pat\u0113ri\u0146\u0161 var izrais\u012bt diskomfortu zarn\u0101s un caureju, padarot \u0161o labv\u0113l\u012bgo vielu organismam nepiem\u0113rotu. \u0160eit \u013coti noder\u012bga ir C vitam\u012bna ievad\u012b\u0161ana liposomu form\u0101. Izmantojot liposomu tehnolo\u0123iju C vitam\u012bns tiek ievad\u012bts efekt\u012bvi k\u0101 terapeitiskais komponents, \u0161\u012b tehnolo\u0123ija ir izmantota p\u0113t\u012bjumu mode\u013cos, kuros tika konstat\u0113ts, ka liposom\u0101s iekapsul\u0113ta C vitam\u012bna kl\u012bnisk\u0101 iedarb\u012bba var pat p\u0101rsniegt intravenozi ievad\u012bt\u0101 C vitam\u012bna iedarb\u012bbu.<\/p>\n<h1>K\u0101p\u0113c Lipovitac liposom\u0101lie vitam\u012bni?<\/h1>\n<ul>\n<li>Augsta biopieejam\u012bba un uzs\u016bk\u0161an\u0101s, sal\u012bdzinot ar citiem iek\u0161\u0137\u012bgi lietojamiem uztura bag\u0101tin\u0101t\u0101jiem.<\/li>\n<li>Mikroniz\u0113ta iekapsul\u0113\u0161ana aizsarg\u0101 ku\u0146\u0123a-zarnu traktu no agres\u012bvas vides un palielina transmukoz\u0101lo (or\u0101lo) uz\u0146em\u0161anu un uzs\u016bk\u0161anos.<\/li>\n<li>Pastiprin\u0101ta intracelul\u0101r\u0101 transmisija.<\/li>\n<li>Satur gan hidrofilus, gan hidrofobus savienojumus.<\/li>\n<li>Ide\u0101li piem\u0113rots tiem, kuri nevar nor\u012bt tabletes.<\/li>\n<li>B\u0113rniem un pieaugu\u0161ajiem tiek nodro\u0161in\u0101ta regul\u0113jama un pak\u0101peniska doz\u0113\u0161ana.<\/li>\n<li>Ir iesp\u0113jams \u0146emt maz\u0101kus daudzumus ar augstu efektivit\u0101ti un zem\u0101m izmaks\u0101m.<\/li>\n<li>M\u0113s izmantojam tikai GMO nesaturo\u0161as sast\u0101vda\u013cas.<\/li>\n<\/ul>\n<h1>Kas ir liposomas?<\/h1>\n<p>Liposomas ir mikroskopiskas fosfolip\u012bdu sf\u0113ras, kas ir stabilas \u016bden\u012b un var satur\u0113t gan \u016bden\u012b \u0161\u0137\u012bsto\u0161as, gan \u016bden\u012b ne\u0161\u0137\u012bsto\u0161as \u200b\u200bvielas, piem\u0113ram, vitam\u012bnus. Liposomas ir struktur\u0101li l\u012bdz\u012bgas \u0161\u016bn\u0101m un nodro\u0161ina lielisku bar\u012bbas vielu uzs\u016bk\u0161anos asinsrit\u0113 un no t\u0101s tie\u0161i \u0161\u016bnu organell\u0101s, piem\u0113ram, mitohondrij\u0101s, citoplazmas retikulum\u0101 vai pat kodol\u0101, kas veicina terapeitisk\u0101 efekta sasnieg\u0161anu. Liposomas ar\u012b aizsarg\u0101 iekapsul\u0113t\u0101s vielas no gremo\u0161anas un sadal\u012b\u0161an\u0101s.<\/p>\n<h3>Interesanta las\u0101mviela<\/h3>\n<p><strong>Profilaktisks dz\u012bvesveids c\u012b\u0146\u0101 ar v\u0113zi.<\/strong><\/p>\n<p>Laba pamatinform\u0101cija vesel\u012bbas saglab\u0101\u0161anai, kas atspogu\u013co m\u016bsu redz\u0113jumu par holistisko vesel\u012bbu<\/p>\n<p><a href=\"https:\/\/siteman.wustl.edu\/prevention\/take-proactive-control\/\" target=\"_blank\" rel=\"noopener\">https:\/\/siteman.wustl.edu\/prevention\/take-proactive-control\/<\/a><\/p>\n<p><strong>Linusa Paulinga instit\u016bts<\/strong><\/p>\n<p>\u0160\u012b vietne ir Linusa Paulinga instit\u016bta ofici\u0101l\u0101 vietne, kur\u0101 ir izskaidrota C vitam\u012bna loma koron\u0101ro art\u0113riju slim\u012bbas un v\u0113\u017ea \u0101rst\u0113\u0161an\u0101. J\u0101lasa ikvienam, kuram interes\u0113 vi\u0146a darbs.<\/p>\n<p><a href=\"https:\/\/lpi.oregonstate.edu\/mic\/vitamins\/vitamin-C\" target=\"_blank\" rel=\"noopener\">https:\/\/lpi.oregonstate.edu\/mic\/vitamins\/vitamin-C<\/a><\/p>\n<p><strong>Dr. Matthias Rath<\/strong><\/p>\n<p>Matiass R\u0101ts \/Matthias Rath\/, medic\u012bnas doktors, ir starptautiski paz\u012bstams zin\u0101tnieks, \u0101rsts un vesel\u012bbas aizst\u0101vis. Vi\u0146a zin\u0101tniskie atkl\u0101jumi sirds slim\u012bbu, v\u0113\u017ea un citu slim\u012bbu jom\u0101 ir main\u012bju\u0161i medic\u012bnu. Vi\u0146\u0161 ir Cellular Medicine dibin\u0101t\u0101js, revolucion\u0101ra jauna vesel\u012bbas koncepcija, kas identific\u0113 uztura tr\u016bkumus \u0161\u016bnu l\u012bmen\u012b k\u0101 daudzu hronisku slim\u012bbu galveno c\u0113loni. 1990. gad\u0101 vi\u0146\u0161 dev\u0101s uz ASV, lai k\u013c\u016btu par pirmo sirds un asinsvadu p\u0113t\u012bjumu direktoru Linusa Paulinga instit\u016bt\u0101 Palo Alto, Kalifornij\u0101.<\/p>\n<p><a href=\"https:\/\/www.drrathresearch.org\/drrath-discoveries\/cellular-medicine\" target=\"_blank\" rel=\"noopener\">https:\/\/www.drrathresearch.org\/drrath-discoveries\/cellular-medicine<\/a><\/p>\n\n\t<div class=\"img has-hover x md-x lg-x y md-y lg-y\" id=\"image_307219848\">\n\t\t\t\t\t\t\t\t<div class=\"img-inner dark\" >\n\t\t\t<img loading=\"lazy\" decoding=\"async\" width=\"1020\" height=\"575\" src=\"https:\/\/i0.wp.com\/lipovitac.com\/wp-content\/uploads\/2020\/12\/Lipo_all_1.jpg?fit=1020%2C575&amp;ssl=1\" class=\"attachment-large size-large\" alt=\"\" srcset=\"https:\/\/i0.wp.com\/lipovitac.com\/wp-content\/uploads\/2020\/12\/Lipo_all_1.jpg?w=2560&amp;ssl=1 2560w, https:\/\/i0.wp.com\/lipovitac.com\/wp-content\/uploads\/2020\/12\/Lipo_all_1.jpg?resize=710%2C400&amp;ssl=1 710w, https:\/\/i0.wp.com\/lipovitac.com\/wp-content\/uploads\/2020\/12\/Lipo_all_1.jpg?resize=1400%2C789&amp;ssl=1 1400w, https:\/\/i0.wp.com\/lipovitac.com\/wp-content\/uploads\/2020\/12\/Lipo_all_1.jpg?resize=768%2C433&amp;ssl=1 768w, https:\/\/i0.wp.com\/lipovitac.com\/wp-content\/uploads\/2020\/12\/Lipo_all_1.jpg?resize=1536%2C865&amp;ssl=1 1536w, https:\/\/i0.wp.com\/lipovitac.com\/wp-content\/uploads\/2020\/12\/Lipo_all_1.jpg?resize=2048%2C1154&amp;ssl=1 2048w, https:\/\/i0.wp.com\/lipovitac.com\/wp-content\/uploads\/2020\/12\/Lipo_all_1.jpg?resize=1240%2C698&amp;ssl=1 1240w\" sizes=\"auto, (max-width: 1020px) 100vw, 1020px\" \/>\t\t\t\t\t\t\n\t\t\t\t\t<\/div>\n\t\t\t\t\t\t\t\t\n<style>\n#image_307219848 {\n  width: 100%;\n}\n<\/style>\n\t<\/div>\n\t\n\n\n","protected":false},"excerpt":{"rendered":"","protected":false},"author":1,"featured_media":0,"parent":0,"menu_order":0,"comment_status":"closed","ping_status":"closed","template":"","meta":{"om_disable_all_campaigns":false,"_monsterinsights_skip_tracking":false,"_monsterinsights_sitenote_active":false,"_monsterinsights_sitenote_note":"","_monsterinsights_sitenote_category":0,"_uf_show_specific_survey":0,"_uf_disable_surveys":false,"footnotes":""},"class_list":["post-1325","page","type-page","status-publish","hentry"],"aioseo_notices":[],"jetpack_sharing_enabled":true,"_links":{"self":[{"href":"https:\/\/lipovitac.com\/lv\/wp-json\/wp\/v2\/pages\/1325","targetHints":{"allow":["GET"]}}],"collection":[{"href":"https:\/\/lipovitac.com\/lv\/wp-json\/wp\/v2\/pages"}],"about":[{"href":"https:\/\/lipovitac.com\/lv\/wp-json\/wp\/v2\/types\/page"}],"author":[{"embeddable":true,"href":"https:\/\/lipovitac.com\/lv\/wp-json\/wp\/v2\/users\/1"}],"replies":[{"embeddable":true,"href":"https:\/\/lipovitac.com\/lv\/wp-json\/wp\/v2\/comments?post=1325"}],"version-history":[{"count":0,"href":"https:\/\/lipovitac.com\/lv\/wp-json\/wp\/v2\/pages\/1325\/revisions"}],"wp:attachment":[{"href":"https:\/\/lipovitac.com\/lv\/wp-json\/wp\/v2\/media?parent=1325"}],"curies":[{"name":"wp","href":"https:\/\/api.w.org\/{rel}","templated":true}]}}